{"id":38,"date":"2023-02-08T20:17:37","date_gmt":"2023-02-08T19:17:37","guid":{"rendered":"https:\/\/tropicalrequistar.fr\/?page_id=38"},"modified":"2025-08-02T10:32:03","modified_gmt":"2025-08-02T08:32:03","slug":"biographie","status":"publish","type":"page","link":"https:\/\/tropicalrequistar.fr\/","title":{"rendered":"BIOGRAPHIE"},"content":{"rendered":"\n<div class=\"wp-block-columns is-layout-flex wp-container-core-columns-is-layout-28f84493 wp-block-columns-is-layout-flex\">\n<div class=\"wp-block-column is-layout-flow wp-block-column-is-layout-flow\" style=\"flex-basis:25%\"><\/div>\n\n\n\n<div class=\"wp-block-column has-global-padding is-layout-constrained wp-block-column-is-layout-constrained\" style=\"flex-basis:50%\">\n<figure class=\"wp-block-image aligncenter size-large is-resized is-style-rounded is-style-rounded--1\"><img loading=\"lazy\" decoding=\"async\" width=\"683\" height=\"1024\" src=\"http:\/\/tropicalrequistar.fr\/wp-content\/uploads\/2023\/02\/grange-trompette-sombre-683x1024.jpg\" alt=\"\" class=\"wp-image-16\" style=\"width:674px;height:auto\" srcset=\"https:\/\/tropicalrequistar.fr\/wp-content\/uploads\/2023\/02\/grange-trompette-sombre-683x1024.jpg 683w, https:\/\/tropicalrequistar.fr\/wp-content\/uploads\/2023\/02\/grange-trompette-sombre-200x300.jpg 200w, https:\/\/tropicalrequistar.fr\/wp-content\/uploads\/2023\/02\/grange-trompette-sombre-768x1152.jpg 768w, https:\/\/tropicalrequistar.fr\/wp-content\/uploads\/2023\/02\/grange-trompette-sombre-1024x1536.jpg 1024w, https:\/\/tropicalrequistar.fr\/wp-content\/uploads\/2023\/02\/grange-trompette-sombre-1365x2048.jpg 1365w, https:\/\/tropicalrequistar.fr\/wp-content\/uploads\/2023\/02\/grange-trompette-sombre-scaled.jpg 1707w\" sizes=\"auto, (max-width: 683px) 100vw, 683px\" \/><\/figure>\n\n\n\n<p>Groupe affr\u00e9t\u00e9 \u00e0 l\u2019origine pour explorer les<br>confins de l\u2019Atlantique Sud, le Tropical R\u00e9quistar d\u00e9rive depuis lors, quelque-part en grande terre d\u2019Oc.<br>Musique infid\u00e8le, venue d\u2019un lointain Br\u00e9sil et de<br>quelques Antilles fantasm\u00e9es, et nous, R\u00e9quistar, n\u00e9s pendant le voyage, avec nos mots, nos histoires, nos chim\u00e8res.<\/p>\n\n\n\n<p class=\"has-text-align-left\" style=\"line-height:0.5\">Jade \u2013 Clarinette &amp; Clarinette Basse<\/p>\n\n\n\n<p class=\"has-text-align-left\" style=\"padding-top:0;padding-right:0;padding-bottom:0;padding-left:0;line-height:0.5\">Dorian \u2013 Trompette<\/p>\n\n\n\n<p class=\"has-text-align-left\" style=\"line-height:0.5\">Jean \u2013 Percussion &amp; voix<\/p>\n\n\n\n<p class=\"has-text-align-left\" style=\"line-height:0.5\">L\u00e9o \u2013 Basse &amp; voix<\/p>\n\n\n\n<p class=\"has-text-align-left\" style=\"line-height:0.5\">Basile \u2013 Guitare<\/p>\n\n\n\n<p class=\"has-text-align-left\" style=\"line-height:0.5\">Pierre-Marie \u2013 Violon<br \/><\/p>\n<\/div>\n\n\n\n<div class=\"wp-block-column is-layout-flow wp-block-column-is-layout-flow\" style=\"flex-basis:25%\"><\/div>\n<\/div>\n","protected":false},"excerpt":{"rendered":"<p>Groupe affr\u00e9t\u00e9 \u00e0 l\u2019origine pour explorer lesconfins de l\u2019Atlantique Sud, le Tropical R\u00e9quistar d\u00e9rive depuis lors, quelque-part en grande terre d\u2019Oc.Musique infid\u00e8le, venue d\u2019un lointain Br\u00e9sil et dequelques Antilles fantasm\u00e9es, et nous, R\u00e9quistar, n\u00e9s pendant le voyage, avec nos mots, nos histoires, nos chim\u00e8res. Jade \u2013 Clarinette &amp; Clarinette Basse Dorian \u2013 Trompette Jean \u2013 [&hellip;]<\/p>\n","protected":false},"author":1,"featured_media":0,"parent":0,"menu_order":0,"comment_status":"closed","ping_status":"closed","template":"","meta":{"footnotes":""},"class_list":["post-38","page","type-page","status-publish","hentry"],"_links":{"self":[{"href":"https:\/\/tropicalrequistar.fr\/index.php\/wp-json\/wp\/v2\/pages\/38","targetHints":{"allow":["GET"]}}],"collection":[{"href":"https:\/\/tropicalrequistar.fr\/index.php\/wp-json\/wp\/v2\/pages"}],"about":[{"href":"https:\/\/tropicalrequistar.fr\/index.php\/wp-json\/wp\/v2\/types\/page"}],"author":[{"embeddable":true,"href":"https:\/\/tropicalrequistar.fr\/index.php\/wp-json\/wp\/v2\/users\/1"}],"replies":[{"embeddable":true,"href":"https:\/\/tropicalrequistar.fr\/index.php\/wp-json\/wp\/v2\/comments?post=38"}],"version-history":[{"count":48,"href":"https:\/\/tropicalrequistar.fr\/index.php\/wp-json\/wp\/v2\/pages\/38\/revisions"}],"predecessor-version":[{"id":297,"href":"https:\/\/tropicalrequistar.fr\/index.php\/wp-json\/wp\/v2\/pages\/38\/revisions\/297"}],"wp:attachment":[{"href":"https:\/\/tropicalrequistar.fr\/index.php\/wp-json\/wp\/v2\/media?parent=38"}],"curies":[{"name":"wp","href":"https:\/\/api.w.org\/{rel}","templated":true}]}}